{"id":285,"date":"2024-02-18T19:48:41","date_gmt":"2024-02-18T19:48:41","guid":{"rendered":"https:\/\/wordpress.waenzi-wazuri.de\/?page_id=285"},"modified":"2024-02-20T16:20:22","modified_gmt":"2024-02-20T16:20:22","slug":"impressum-kontakt","status":"publish","type":"page","link":"https:\/\/www.waenzi-wazuri.de\/en\/impressum-kontakt\/","title":{"rendered":"Impressum &#038; Kontakt"},"content":{"rendered":"<style>.kadence-column285_7b13f0-64 > .kt-inside-inner-col,.kadence-column285_7b13f0-64 > .kt-inside-inner-col:before{border-top-left-radius:0px;border-top-right-radius:0px;border-bottom-right-radius:0px;border-bottom-left-radius:0px;}.kadence-column285_7b13f0-64 > .kt-inside-inner-col{column-gap:var(--global-kb-gap-sm, 1rem);}.kadence-column285_7b13f0-64 > .kt-inside-inner-col{flex-direction:column;}.kadence-column285_7b13f0-64 > .kt-inside-inner-col > .aligncenter{width:100%;}.kadence-column285_7b13f0-64 > .kt-inside-inner-col:before{opacity:0.3;}.kadence-column285_7b13f0-64{position:relative;}@media all and (max-width: 1024px){.kadence-column285_7b13f0-64 > .kt-inside-inner-col{flex-direction:column;justify-content:center;}}@media all and (max-width: 767px){.kadence-column285_7b13f0-64 > .kt-inside-inner-col{flex-direction:column;justify-content:center;}}<\/style>\n<div class=\"wp-block-kadence-column kadence-column285_7b13f0-64\"><div class=\"kt-inside-inner-col\">\n<figure class=\"wp-block-image aligncenter size-full\"><img loading=\"lazy\" decoding=\"async\" width=\"1024\" height=\"50\" src=\"http:\/\/wordpress.waenzi-wazuri.de\/wp-content\/uploads\/2024\/02\/trennlinie.png\" alt=\"\" class=\"wp-image-240\" srcset=\"https:\/\/www.waenzi-wazuri.de\/wp-content\/uploads\/2024\/02\/trennlinie.png 1024w, https:\/\/www.waenzi-wazuri.de\/wp-content\/uploads\/2024\/02\/trennlinie-300x15.png 300w, https:\/\/www.waenzi-wazuri.de\/wp-content\/uploads\/2024\/02\/trennlinie-18x1.png 18w\" sizes=\"(max-width: 1024px) 100vw, 1024px\" \/><\/figure>\n<\/div><\/div>\n\n\n\n<h3 class=\"wp-block-heading\">Information according to \u00a75 TMG<\/h3>\n\n\n\n<p>Waenzi Wazuri Rhodesian Ridgeback Kennel<br>Cosima von Delius<br>Windischenhaig 70<br>95326 Kulmbach<\/p>\n\n\n\n<h3 class=\"wp-block-heading\">Contact<\/h3>\n\n\n\n<p>Telefon: +49 171 106 26 68<br>E-Mail: delius&lt;a&gt;fitness-basixx.de<\/p>\n\n\n<style>.kadence-column285_ad9e33-59 > .kt-inside-inner-col,.kadence-column285_ad9e33-59 > .kt-inside-inner-col:before{border-top-left-radius:0px;border-top-right-radius:0px;border-bottom-right-radius:0px;border-bottom-left-radius:0px;}.kadence-column285_ad9e33-59 > .kt-inside-inner-col{column-gap:var(--global-kb-gap-sm, 1rem);}.kadence-column285_ad9e33-59 > .kt-inside-inner-col{flex-direction:column;}.kadence-column285_ad9e33-59 > .kt-inside-inner-col > .aligncenter{width:100%;}.kadence-column285_ad9e33-59 > .kt-inside-inner-col:before{opacity:0.3;}.kadence-column285_ad9e33-59{position:relative;}@media all and (max-width: 1024px){.kadence-column285_ad9e33-59 > .kt-inside-inner-col{flex-direction:column;justify-content:center;}}@media all and (max-width: 767px){.kadence-column285_ad9e33-59 > .kt-inside-inner-col{flex-direction:column;justify-content:center;}}<\/style>\n<div class=\"wp-block-kadence-column kadence-column285_ad9e33-59\"><div class=\"kt-inside-inner-col\">\n<figure class=\"wp-block-image aligncenter size-full\"><img loading=\"lazy\" decoding=\"async\" width=\"1024\" height=\"50\" src=\"http:\/\/wordpress.waenzi-wazuri.de\/wp-content\/uploads\/2024\/02\/trennlinie.png\" alt=\"\" class=\"wp-image-240\" srcset=\"https:\/\/www.waenzi-wazuri.de\/wp-content\/uploads\/2024\/02\/trennlinie.png 1024w, https:\/\/www.waenzi-wazuri.de\/wp-content\/uploads\/2024\/02\/trennlinie-300x15.png 300w, https:\/\/www.waenzi-wazuri.de\/wp-content\/uploads\/2024\/02\/trennlinie-18x1.png 18w\" sizes=\"(max-width: 1024px) 100vw, 1024px\" \/><\/figure>\n<\/div><\/div>\n\n\n\n<h3 class=\"wp-block-heading\">Responsible for content according to \u00a76MDStV<\/h3>\n\n\n\n<p>Cosima von Delius<\/p>\n\n\n\n<h3 class=\"wp-block-heading\">Picture material<\/h3>\n\n\n\n<p>Cosima von Delius<br>Zo\u00eb Lisson<br>Karin van Klaveren<\/p>\n\n\n\n<h3 class=\"wp-block-heading\"><br>Liability for contents<\/h3>\n\n\n\n<p class=\"translation-block\">As a service provider, we are responsible for our own content on these pages in accordance with general legislation pursuant to Section 7 (1) of the German Telemedia Act (TMG). According to \u00a7\u00a7 8 to 10 TMG, however, we are not obligated as a service provider to monitor transmitted or stored third-party information or to investigate circumstances that indicate illegal activity.\n<br><br>\nObligations to remove or block the use of information according to general laws remain unaffected. However, liability in this regard is only possible from the time of knowledge of a concrete infringement. If we become aware of such infringements, we will remove this content immediately.<\/p>\n\n\n\n<h3 class=\"wp-block-heading\"><br>Liability for links<\/h3>\n\n\n\n<p>Unser Angebot enth\u00e4lt Links zu externen Webseiten Dritter, auf deren Inhalte wir keinen Einfluss haben.<br>Deshalb k\u00f6nnen wir f\u00fcr diese fremden Inhalte auch keine Gew\u00e4hr \u00fcbernehmen. F\u00fcr die Inhalte der<br>verlinkten Seiten ist stets der jeweilige Anbieter oder Betreiber der Seiten verantwortlich. Die verlinkten<br>Seiten wurden zum Zeitpunkt der Verlinkung auf m\u00f6gliche Rechtsverst\u00f6\u00dfe \u00fcberpr\u00fcft. Rechtswidrige<br>Inhalte waren zum Zeitpunkt der Verlinkung nicht erkennbar.<br><br>Eine permanente inhaltliche Kontrolle der verlinkten Seiten ist jedoch ohne konkrete Anhaltspunkte einer<br>Rechtsverletzung nicht zumutbar. Bei Bekanntwerden von Rechtsverletzungen werden wir derartige Links<br>umgehend entfernen.<\/p>\n\n\n\n<h3 class=\"wp-block-heading\"><br>Copyright<\/h3>\n\n\n\n<p>Die durch die Seitenbetreiber erstellten Inhalte und Werke auf diesen Seiten unterliegen dem deutschen<br>Urheberrecht. Die Vervielf\u00e4ltigung, Bearbeitung, Verbreitung und jede Art der Verwertung au\u00dferhalb der<br>Grenzen des Urheberrechtes bed\u00fcrfen der schriftlichen Zustimmung des jeweiligen Autors bzw.<br>Erstellers. Downloads und Kopien dieser Seite sind nur f\u00fcr den privaten, nicht kommerziellen Gebrauch<br>gestattet.<br><br>Soweit die Inhalte auf dieser Seite nicht vom Betreiber erstellt wurden, werden die Urheberrechte Dritter<br>beachtet. Insbesondere werden Inhalte Dritter als solche gekennzeichnet. Sollten Sie trotzdem auf eine<br>Urheberrechtsverletzung aufmerksam werden, bitten wir um einen entsprechenden Hinweis. Bei<br>Bekanntwerden von Rechtsverletzungen werden wir derartige Inhalte umgehend entfernen.<\/p>\n\n\n\n<p>Quelle:&nbsp;<a rel=\"noreferrer noopener\" href=\"http:\/\/e-recht24.de\/\" target=\"_blank\">e-recht24.de<\/a><\/p>\n\n\n\n<h3 class=\"wp-block-heading\">Gestaltung &amp; Realisierung<\/h3>\n\n\n\n<p><a href=\"http:\/\/www.kreis42.de\/\" target=\"_blank\" rel=\"noreferrer noopener\">kreis42 | kunst&amp;design<\/a>&nbsp; zeichnet verantwortlich f\u00fcr Gestaltung und Umsetzung dieser Webseite.<\/p>\n\n\n\n<p><a href=\"https:\/\/manuelselch.de\" target=\"_blank\" rel=\"noreferrer noopener\">Manuel Selch<\/a> zeichnet verantwortlich f\u00fcr technische Umsetzung und Implementierung dieser Webseite.<\/p>\n\n\n<style>.kadence-column285_da7cf7-10 > .kt-inside-inner-col,.kadence-column285_da7cf7-10 > .kt-inside-inner-col:before{border-top-left-radius:0px;border-top-right-radius:0px;border-bottom-right-radius:0px;border-bottom-left-radius:0px;}.kadence-column285_da7cf7-10 > .kt-inside-inner-col{column-gap:var(--global-kb-gap-sm, 1rem);}.kadence-column285_da7cf7-10 > .kt-inside-inner-col{flex-direction:column;}.kadence-column285_da7cf7-10 > .kt-inside-inner-col > .aligncenter{width:100%;}.kadence-column285_da7cf7-10 > .kt-inside-inner-col:before{opacity:0.3;}.kadence-column285_da7cf7-10{position:relative;}@media all and (max-width: 1024px){.kadence-column285_da7cf7-10 > .kt-inside-inner-col{flex-direction:column;justify-content:center;}}@media all and (max-width: 767px){.kadence-column285_da7cf7-10 > .kt-inside-inner-col{flex-direction:column;justify-content:center;}}<\/style>\n<div class=\"wp-block-kadence-column kadence-column285_da7cf7-10\"><div class=\"kt-inside-inner-col\">\n<figure class=\"wp-block-image aligncenter size-full\"><img loading=\"lazy\" decoding=\"async\" width=\"1024\" height=\"50\" src=\"http:\/\/wordpress.waenzi-wazuri.de\/wp-content\/uploads\/2024\/02\/trennlinie.png\" alt=\"\" class=\"wp-image-240\" srcset=\"https:\/\/www.waenzi-wazuri.de\/wp-content\/uploads\/2024\/02\/trennlinie.png 1024w, https:\/\/www.waenzi-wazuri.de\/wp-content\/uploads\/2024\/02\/trennlinie-300x15.png 300w, https:\/\/www.waenzi-wazuri.de\/wp-content\/uploads\/2024\/02\/trennlinie-18x1.png 18w\" sizes=\"(max-width: 1024px) 100vw, 1024px\" \/><\/figure>\n<\/div><\/div>","protected":false},"excerpt":{"rendered":"<p>Angaben gem&auml;&szlig; &sect; 5 TMG Waenzi Wazuri Rhodesian Ridgeback KennelCosima von DeliusWindischenhaig 7095326 Kulmbach Kontakt Telefon: +49 171 106 26 68E-Mail: delius&lt;a&gt;fitness-basixx.de Inhaltlich verantwortlich gem&auml;&szlig; &sect; 6 MDStV Cosima von Delius Bildmaterial Cosima von DeliusZo&euml; LissonKarin van Klaveren Haftung f&uuml;r&nbsp;Inhalte Als Diensteanbieter sind wir gem&auml;&szlig; &sect; 7 Abs.1 TMG f&uuml;r eigene Inhalte auf diesen Seiten &hellip; <\/p>\n<p class=\"link-more\"><a href=\"https:\/\/www.waenzi-wazuri.de\/en\/impressum-kontakt\/\" class=\"more-link\">Read more<span class=\"screen-reader-text\"> &#8222;Impressum &#038; Kontakt&#8220;<\/span><\/a><\/p>","protected":false},"author":2,"featured_media":0,"parent":0,"menu_order":0,"comment_status":"closed","ping_status":"closed","template":"","meta":{"footnotes":""},"_links":{"self":[{"href":"https:\/\/www.waenzi-wazuri.de\/en\/wp-json\/wp\/v2\/pages\/285"}],"collection":[{"href":"https:\/\/www.waenzi-wazuri.de\/en\/wp-json\/wp\/v2\/pages"}],"about":[{"href":"https:\/\/www.waenzi-wazuri.de\/en\/wp-json\/wp\/v2\/types\/page"}],"author":[{"embeddable":true,"href":"https:\/\/www.waenzi-wazuri.de\/en\/wp-json\/wp\/v2\/users\/2"}],"replies":[{"embeddable":true,"href":"https:\/\/www.waenzi-wazuri.de\/en\/wp-json\/wp\/v2\/comments?post=285"}],"version-history":[{"count":13,"href":"https:\/\/www.waenzi-wazuri.de\/en\/wp-json\/wp\/v2\/pages\/285\/revisions"}],"predecessor-version":[{"id":413,"href":"https:\/\/www.waenzi-wazuri.de\/en\/wp-json\/wp\/v2\/pages\/285\/revisions\/413"}],"wp:attachment":[{"href":"https:\/\/www.waenzi-wazuri.de\/en\/wp-json\/wp\/v2\/media?parent=285"}],"curies":[{"name":"wp","href":"https:\/\/api.w.org\/{rel}","templated":true}]}}