{"id":309,"date":"2024-02-18T20:45:40","date_gmt":"2024-02-18T20:45:40","guid":{"rendered":"https:\/\/wordpress.waenzi-wazuri.de\/?page_id=309"},"modified":"2025-06-12T08:08:09","modified_gmt":"2025-06-12T08:08:09","slug":"kennel","status":"publish","type":"page","link":"https:\/\/www.waenzi-wazuri.de\/en\/kennel\/","title":{"rendered":"Kennel"},"content":{"rendered":"<style>.kadence-column309_527e6e-1b > .kt-inside-inner-col,.kadence-column309_527e6e-1b > .kt-inside-inner-col:before{border-top-left-radius:0px;border-top-right-radius:0px;border-bottom-right-radius:0px;border-bottom-left-radius:0px;}.kadence-column309_527e6e-1b > .kt-inside-inner-col{column-gap:var(--global-kb-gap-sm, 1rem);}.kadence-column309_527e6e-1b > .kt-inside-inner-col{flex-direction:column;}.kadence-column309_527e6e-1b > .kt-inside-inner-col > .aligncenter{width:100%;}.kadence-column309_527e6e-1b > .kt-inside-inner-col:before{opacity:0.3;}.kadence-column309_527e6e-1b{position:relative;}@media all and (max-width: 1024px){.kadence-column309_527e6e-1b > .kt-inside-inner-col{flex-direction:column;justify-content:center;}}@media all and (max-width: 767px){.kadence-column309_527e6e-1b > .kt-inside-inner-col{flex-direction:column;justify-content:center;}}<\/style>\n<div class=\"wp-block-kadence-column kadence-column309_527e6e-1b\"><div class=\"kt-inside-inner-col\">\n<figure class=\"wp-block-image aligncenter size-full\"><img loading=\"lazy\" decoding=\"async\" width=\"1024\" height=\"50\" src=\"http:\/\/wordpress.waenzi-wazuri.de\/wp-content\/uploads\/2024\/02\/trennlinie.png\" alt=\"\" class=\"wp-image-240\" srcset=\"https:\/\/www.waenzi-wazuri.de\/wp-content\/uploads\/2024\/02\/trennlinie.png 1024w, https:\/\/www.waenzi-wazuri.de\/wp-content\/uploads\/2024\/02\/trennlinie-300x15.png 300w, https:\/\/www.waenzi-wazuri.de\/wp-content\/uploads\/2024\/02\/trennlinie-18x1.png 18w\" sizes=\"(max-width: 1024px) 100vw, 1024px\" \/><\/figure>\n\n\n\n<div style=\"height:100px\" aria-hidden=\"true\" class=\"wp-block-spacer\"><\/div>\n<\/div><\/div>\n\n\n<style>.kadence-column309_88c636-ac > .kt-inside-inner-col,.kadence-column309_88c636-ac > .kt-inside-inner-col:before{border-top-left-radius:0px;border-top-right-radius:0px;border-bottom-right-radius:0px;border-bottom-left-radius:0px;}.kadence-column309_88c636-ac > .kt-inside-inner-col{column-gap:var(--global-kb-gap-sm, 1rem);}.kadence-column309_88c636-ac > .kt-inside-inner-col{flex-direction:column;}.kadence-column309_88c636-ac > .kt-inside-inner-col > .aligncenter{width:100%;}.kadence-column309_88c636-ac > .kt-inside-inner-col:before{opacity:0.3;}.kadence-column309_88c636-ac{position:relative;}@media all and (max-width: 1024px){.kadence-column309_88c636-ac > .kt-inside-inner-col{flex-direction:column;justify-content:center;}}@media all and (max-width: 767px){.kadence-column309_88c636-ac > .kt-inside-inner-col{flex-direction:column;justify-content:center;}}<\/style>\n<div class=\"wp-block-kadence-column kadence-column309_88c636-ac\"><div class=\"kt-inside-inner-col\">\n<figure class=\"wp-block-image alignfull size-large\"><img loading=\"lazy\" decoding=\"async\" width=\"2501\" height=\"2503\" src=\"https:\/\/waenzi-wazuri.de\/wp-content\/uploads\/2025\/06\/IMG_3136_NEU-2-edited.jpg\" alt=\"\" class=\"wp-image-784\" srcset=\"https:\/\/www.waenzi-wazuri.de\/wp-content\/uploads\/2025\/06\/IMG_3136_NEU-2-edited.jpg 2501w, https:\/\/www.waenzi-wazuri.de\/wp-content\/uploads\/2025\/06\/IMG_3136_NEU-2-edited-300x300.jpg 300w, https:\/\/www.waenzi-wazuri.de\/wp-content\/uploads\/2025\/06\/IMG_3136_NEU-2-edited-1024x1024.jpg 1024w, https:\/\/www.waenzi-wazuri.de\/wp-content\/uploads\/2025\/06\/IMG_3136_NEU-2-edited-150x150.jpg 150w, https:\/\/www.waenzi-wazuri.de\/wp-content\/uploads\/2025\/06\/IMG_3136_NEU-2-edited-2000x2002.jpg 2000w, https:\/\/www.waenzi-wazuri.de\/wp-content\/uploads\/2025\/06\/IMG_3136_NEU-2-edited-12x12.jpg 12w\" sizes=\"(max-width: 2501px) 100vw, 2501px\" \/><figcaption class=\"wp-element-caption\"><strong><mark style=\"background-color:rgba(0, 0, 0, 0)\" class=\"has-inline-color has-background-color\">We are family<\/mark><\/strong><\/figcaption><\/figure>\n\n\n\n<figure class=\"wp-block-image aligncenter size-large\"><img loading=\"lazy\" decoding=\"async\" width=\"618\" height=\"1024\" src=\"https:\/\/wordpress.waenzi-wazuri.de\/wp-content\/uploads\/2024\/02\/BOB-Jan-2024-Danzig-618x1024.jpg\" alt=\"\" class=\"wp-image-330\" srcset=\"https:\/\/www.waenzi-wazuri.de\/wp-content\/uploads\/2024\/02\/BOB-Jan-2024-Danzig-618x1024.jpg 618w, https:\/\/www.waenzi-wazuri.de\/wp-content\/uploads\/2024\/02\/BOB-Jan-2024-Danzig-181x300.jpg 181w, https:\/\/www.waenzi-wazuri.de\/wp-content\/uploads\/2024\/02\/BOB-Jan-2024-Danzig-7x12.jpg 7w, https:\/\/www.waenzi-wazuri.de\/wp-content\/uploads\/2024\/02\/BOB-Jan-2024-Danzig.jpg 869w\" sizes=\"(max-width: 618px) 100vw, 618px\" \/><\/figure>\n\n\n\n<p class=\"has-text-align-center\">In Danzig im Januar 2024, erh\u00e4lt unsere <a href=\"\/en\/bebi\/\"><strong><mark style=\"background-color:rgba(0, 0, 0, 0);color:#c5ad40\" class=\"has-inline-color\">BEBI<\/mark><\/strong><\/a> den Titel <strong>Best of Breed (BOB)<\/strong>.<\/p>\n<\/div><\/div>\n\n\n<style>.kadence-column309_a1f7f5-53 > .kt-inside-inner-col,.kadence-column309_a1f7f5-53 > .kt-inside-inner-col:before{border-top-left-radius:0px;border-top-right-radius:0px;border-bottom-right-radius:0px;border-bottom-left-radius:0px;}.kadence-column309_a1f7f5-53 > .kt-inside-inner-col{column-gap:var(--global-kb-gap-sm, 1rem);}.kadence-column309_a1f7f5-53 > .kt-inside-inner-col{flex-direction:column;}.kadence-column309_a1f7f5-53 > .kt-inside-inner-col > .aligncenter{width:100%;}.kadence-column309_a1f7f5-53 > .kt-inside-inner-col:before{opacity:0.3;}.kadence-column309_a1f7f5-53{position:relative;}@media all and (max-width: 1024px){.kadence-column309_a1f7f5-53 > .kt-inside-inner-col{flex-direction:column;justify-content:center;}}@media all and (max-width: 767px){.kadence-column309_a1f7f5-53 > .kt-inside-inner-col{flex-direction:column;justify-content:center;}}<\/style>\n<div class=\"wp-block-kadence-column kadence-column309_a1f7f5-53\"><div class=\"kt-inside-inner-col\">\n<figure class=\"wp-block-image aligncenter size-full\"><img loading=\"lazy\" decoding=\"async\" width=\"1024\" height=\"50\" src=\"http:\/\/wordpress.waenzi-wazuri.de\/wp-content\/uploads\/2024\/02\/trennlinie.png\" alt=\"\" class=\"wp-image-240\" srcset=\"https:\/\/www.waenzi-wazuri.de\/wp-content\/uploads\/2024\/02\/trennlinie.png 1024w, https:\/\/www.waenzi-wazuri.de\/wp-content\/uploads\/2024\/02\/trennlinie-300x15.png 300w, https:\/\/www.waenzi-wazuri.de\/wp-content\/uploads\/2024\/02\/trennlinie-18x1.png 18w\" sizes=\"(max-width: 1024px) 100vw, 1024px\" \/><\/figure>\n<\/div><\/div>\n\n\n\n<h2 class=\"wp-block-heading\">Waenzi Wazuri Rhodesian Ridgback Kennel<\/h2>\n\n\n\n<p>Unsere Zucht haben wir mit unserer <strong><a href=\"\/en\/khalila\/\">Khalila<\/a><\/strong> 2006 begonnen, als unsere Kinder noch recht jung waren. Sicher hatten wir auch unsere Zweifel, ob das denn klappt mit drei Kindern und einem 13-Wochen-alten Hundebaby. Aber tats\u00e4chlich war das kein Problem, da unsere Khalila die etwas st\u00fcrmischen Liebesbezeugungen unserer Kinder stoisch hingenommen hat. Ihren wundersch\u00f6nen Namen KHALILA &#8211; GUTE FREUNDIN &#8211; machte sie wirklich alle Ehre.<\/p>\n\n\n\n<p>Khalilas Mutter JAKARI kam aus einer sehr alten Rhodesien-Ridgeback-Zuchtlinie der renommierten Z\u00fcchterin Verena T\u00e4uber mit ihrem Zwinger UMZINGELI. Frau Margit Firsching hat den Zwinger \u00fcbernommen und f\u00fchrt ihn erfolgreich weiter.<\/p>\n\n\n\n<p>Aus der selben Linie bekamen wir dann unsere wundersch\u00f6ne <strong><a href=\"\/en\/layli\/\">Tsavos Hunter Especially for you LAYLI<\/a><\/strong> von Frau Barbara Appel aus F\u00fcrth. Unsere Layla war der Himmel und das Fegefeuer f\u00fcr unsere Khalila.<\/p>\n\n\n\n<p>Layli bekam ihren <a href=\"\/en\/B-Wurf-2021\/\">1. Wurf 2021<\/a> von dem traumhaften R\u00fcden <strong>Tunapendana ADIA AYO<\/strong>. Aus diesem Wurf haben wir schlie\u00dflich unsere <strong><a href=\"\/en\/bebi\/\">Waenzi Wazuri Bashida BEBI<\/a><\/strong> behalten und sind mit unsere kleinen, gro\u00dfen Dame \u00fcbergl\u00fccklich.<\/p>\n\n\n<style>.kadence-column309_cf44eb-d4 > .kt-inside-inner-col,.kadence-column309_cf44eb-d4 > .kt-inside-inner-col:before{border-top-left-radius:0px;border-top-right-radius:0px;border-bottom-right-radius:0px;border-bottom-left-radius:0px;}.kadence-column309_cf44eb-d4 > .kt-inside-inner-col{column-gap:var(--global-kb-gap-sm, 1rem);}.kadence-column309_cf44eb-d4 > .kt-inside-inner-col{flex-direction:column;}.kadence-column309_cf44eb-d4 > .kt-inside-inner-col > .aligncenter{width:100%;}.kadence-column309_cf44eb-d4 > .kt-inside-inner-col:before{opacity:0.3;}.kadence-column309_cf44eb-d4{position:relative;}@media all and (max-width: 1024px){.kadence-column309_cf44eb-d4 > .kt-inside-inner-col{flex-direction:column;justify-content:center;}}@media all and (max-width: 767px){.kadence-column309_cf44eb-d4 > .kt-inside-inner-col{flex-direction:column;justify-content:center;}}<\/style>\n<div class=\"wp-block-kadence-column kadence-column309_cf44eb-d4\"><div class=\"kt-inside-inner-col\">\n<figure class=\"wp-block-image aligncenter size-full\"><img loading=\"lazy\" decoding=\"async\" width=\"1024\" height=\"50\" src=\"http:\/\/wordpress.waenzi-wazuri.de\/wp-content\/uploads\/2024\/02\/trennlinie.png\" alt=\"\" class=\"wp-image-240\" srcset=\"https:\/\/www.waenzi-wazuri.de\/wp-content\/uploads\/2024\/02\/trennlinie.png 1024w, https:\/\/www.waenzi-wazuri.de\/wp-content\/uploads\/2024\/02\/trennlinie-300x15.png 300w, https:\/\/www.waenzi-wazuri.de\/wp-content\/uploads\/2024\/02\/trennlinie-18x1.png 18w\" sizes=\"(max-width: 1024px) 100vw, 1024px\" \/><\/figure>\n<\/div><\/div>","protected":false},"excerpt":{"rendered":"<p>In Danzig im Januar 2024, erh\u00e4lt unsere BEBI den Titel Best of Breed (BOB). Waenzi Wazuri Rhodesian Ridgback Kennel Unsere Zucht haben wir mit unserer Khalila 2006 begonnen, als unsere Kinder noch recht jung waren. Sicher hatten wir auch unsere Zweifel, ob das denn klappt mit drei Kindern und einem 13-Wochen-alten Hundebaby. Aber tats\u00e4chlich war &hellip; <\/p>\n<p class=\"link-more\"><a href=\"https:\/\/www.waenzi-wazuri.de\/en\/kennel\/\" class=\"more-link\">Read more<span class=\"screen-reader-text\"> &#8222;Kennel&#8220;<\/span><\/a><\/p>","protected":false},"author":2,"featured_media":0,"parent":0,"menu_order":0,"comment_status":"closed","ping_status":"closed","template":"","meta":{"footnotes":""},"_links":{"self":[{"href":"https:\/\/www.waenzi-wazuri.de\/en\/wp-json\/wp\/v2\/pages\/309"}],"collection":[{"href":"https:\/\/www.waenzi-wazuri.de\/en\/wp-json\/wp\/v2\/pages"}],"about":[{"href":"https:\/\/www.waenzi-wazuri.de\/en\/wp-json\/wp\/v2\/types\/page"}],"author":[{"embeddable":true,"href":"https:\/\/www.waenzi-wazuri.de\/en\/wp-json\/wp\/v2\/users\/2"}],"replies":[{"embeddable":true,"href":"https:\/\/www.waenzi-wazuri.de\/en\/wp-json\/wp\/v2\/comments?post=309"}],"version-history":[{"count":11,"href":"https:\/\/www.waenzi-wazuri.de\/en\/wp-json\/wp\/v2\/pages\/309\/revisions"}],"predecessor-version":[{"id":789,"href":"https:\/\/www.waenzi-wazuri.de\/en\/wp-json\/wp\/v2\/pages\/309\/revisions\/789"}],"wp:attachment":[{"href":"https:\/\/www.waenzi-wazuri.de\/en\/wp-json\/wp\/v2\/media?parent=309"}],"curies":[{"name":"wp","href":"https:\/\/api.w.org\/{rel}","templated":true}]}}